{"id":1130,"date":"2018-09-29T17:00:25","date_gmt":"2018-09-29T10:00:25","guid":{"rendered":"https:\/\/knl531.mbws.vn\/van-tai-hang-khong\/"},"modified":"2025-09-11T11:05:31","modified_gmt":"2025-09-11T04:05:31","slug":"air-transport","status":"publish","type":"page","link":"https:\/\/knltrans.com.vn\/en\/air-transport\/","title":{"rendered":"Air transport"},"content":{"rendered":"  <div id=\"page-header-1753596500\" class=\"page-header-wrapper\">\n  <div class=\"page-title dark featured-title\">\n\n        <div class=\"page-title-bg\">\n      <div class=\"title-bg fill bg-fill\"\n        data-parallax-container=\".page-title\"\n        data-parallax-background\n        data-parallax=\"-\">\n      <\/div>\n      <div class=\"title-overlay fill\"><\/div>\n    <\/div>\n    \n    <div class=\"page-title-inner container align-center text-center flex-row-col medium-flex-wrap\" >\n              <div class=\"title-wrapper flex-col\">\n          <h1 class=\"entry-title mb-0\">\n            Air transport          <\/h1>\n        <\/div>\n                    <div class=\"title-content flex-col\">\n        <div class=\"title-breadcrumbs pb-half pt-half\"><\/div>      <\/div>\n    <\/div>\n\n     \n<style>\n#page-header-1753596500 .page-title-inner {\n  min-height: 400px;\n}\n#page-header-1753596500 .title-bg {\n  background-image: url(https:\/\/knltrans.com.vn\/wp-content\/uploads\/2018\/09\/29384-slider-3.jpg);\n  background-position: 53% 0%;\n}\n<\/style>\n  <\/div>\n    <\/div>\n  \n\t<section class=\"section\" id=\"section_1159099670\">\n\t\t<div class=\"bg section-bg fill bg-fill  \" >\n\n\t\t\t\n\t\t\t\n\t\t\t\n\n\t\t<\/div>\n\n\t\t\n\n\t\t<div class=\"section-content relative\">\n\t\t\t\n<div class=\"row\"  id=\"row-676883836\">\n\n\t<div id=\"col-1185584497\" class=\"col medium-9 small-12 large-9\"  >\n\t\t\t\t<div class=\"col-inner\"  >\n\t\t\t\n\t\t\t\n<div class=\"slider-wrapper relative\" id=\"slider-131441549\" >\n    <div class=\"slider slider-nav-dots-simple slider-nav-simple slider-nav-large slider-nav-light slider-style-normal slider-show-nav\"\n        data-flickity-options='{\n            \"cellAlign\": \"center\",\n            \"imagesLoaded\": true,\n            \"lazyLoad\": 1,\n            \"freeScroll\": false,\n            \"wrapAround\": true,\n            \"autoPlay\": 6000,\n            \"pauseAutoPlayOnHover\" : true,\n            \"prevNextButtons\": true,\n            \"contain\" : true,\n            \"adaptiveHeight\" : true,\n            \"dragThreshold\" : 10,\n            \"percentPosition\": true,\n            \"pageDots\": true,\n            \"rightToLeft\": false,\n            \"draggable\": true,\n            \"selectedAttraction\": 0.1,\n            \"parallax\" : 0,\n            \"friction\": 0.6        }'\n        >\n        \n\t<div class=\"img has-hover x md-x lg-x y md-y lg-y\" id=\"image_2073923134\">\n\t\t\t\t\t\t\t\t<div class=\"img-inner dark\" >\n\t\t\t<img width=\"820\" height=\"500\" src=\"https:\/\/knltrans.com.vn\/wp-content\/uploads\/2018\/09\/service_3.jpg\" class=\"attachment-original size-original\" alt=\"\" decoding=\"async\" loading=\"lazy\" srcset=\"https:\/\/knltrans.com.vn\/wp-content\/uploads\/2018\/09\/service_3.jpg 820w, https:\/\/knltrans.com.vn\/wp-content\/uploads\/2018\/09\/service_3-300x183.jpg 300w, https:\/\/knltrans.com.vn\/wp-content\/uploads\/2018\/09\/service_3-768x468.jpg 768w\" sizes=\"(max-width: 820px) 100vw, 820px\" \/>\t\t\t\t\t\t\n\t\t\t\t\t<\/div>\n\t\t\t\t\t\t\t\t\n<style>\n#image_2073923134 {\n  width: 100%;\n}\n<\/style>\n\t<\/div>\n\t\n\t<div class=\"img has-hover x md-x lg-x y md-y lg-y\" id=\"image_1661385473\">\n\t\t\t\t\t\t\t\t<div class=\"img-inner dark\" >\n\t\t\t<img width=\"820\" height=\"500\" src=\"https:\/\/knltrans.com.vn\/wp-content\/uploads\/2018\/09\/tin2.jpg\" class=\"attachment-original size-original\" alt=\"\" decoding=\"async\" loading=\"lazy\" srcset=\"https:\/\/knltrans.com.vn\/wp-content\/uploads\/2018\/09\/tin2.jpg 820w, https:\/\/knltrans.com.vn\/wp-content\/uploads\/2018\/09\/tin2-300x183.jpg 300w, https:\/\/knltrans.com.vn\/wp-content\/uploads\/2018\/09\/tin2-768x468.jpg 768w\" sizes=\"(max-width: 820px) 100vw, 820px\" \/>\t\t\t\t\t\t\n\t\t\t\t\t<\/div>\n\t\t\t\t\t\t\t\t\n<style>\n#image_1661385473 {\n  width: 100%;\n}\n<\/style>\n\t<\/div>\n\t\n\t<div class=\"img has-hover x md-x lg-x y md-y lg-y\" id=\"image_694558686\">\n\t\t\t\t\t\t\t\t<div class=\"img-inner dark\" >\n\t\t\t<img width=\"820\" height=\"500\" src=\"https:\/\/knltrans.com.vn\/wp-content\/uploads\/2018\/09\/tin1.jpg\" class=\"attachment-original size-original\" alt=\"\" decoding=\"async\" loading=\"lazy\" srcset=\"https:\/\/knltrans.com.vn\/wp-content\/uploads\/2018\/09\/tin1.jpg 820w, https:\/\/knltrans.com.vn\/wp-content\/uploads\/2018\/09\/tin1-300x183.jpg 300w, https:\/\/knltrans.com.vn\/wp-content\/uploads\/2018\/09\/tin1-768x468.jpg 768w\" sizes=\"(max-width: 820px) 100vw, 820px\" \/>\t\t\t\t\t\t\n\t\t\t\t\t<\/div>\n\t\t\t\t\t\t\t\t\n<style>\n#image_694558686 {\n  width: 100%;\n}\n<\/style>\n\t<\/div>\n\t\n     <\/div>\n\n     <div class=\"loading-spin dark large centered\"><\/div>\n\n\t<\/div>\n\n\n\t<div id=\"gap-485781022\" class=\"gap-element clearfix\" style=\"display:block; height:auto;\">\n\t\t\n<style>\n#gap-485781022 {\n  padding-top: 30px;\n}\n<\/style>\n\t<\/div>\n\t\n<p>C\u00f4ng Ty C\u1ed5 Ph\u1ea7n V\u1eadn T\u1ea3i V\u00e0 \u0110\u1ea1i L\u00fd KNL \u2013 \u0110\u01a1n v\u1ecb cung c\u1ea5p d\u1ecbch v\u1ee5 v\u1eadn t\u1ea3i h\u00e0ng kh\u00f4ng chuy\u00ean nghi\u1ec7p t\u1ea1i H\u1ea3i Ph\u00f2ng. \u0110\u1ea3m b\u1ea3o an to\u00e0n, nhanh ch\u00f3ng v\u1edbi gi\u1ea3i ph\u00e1p logistics t\u1ed1i \u01b0u cho doanh nghi\u1ec7p.<\/p>\n<div class=\"accordion\">\n\t<div id=\"accordion-766759147\" class=\"accordion-item\">\n\t\t<a id=\"accordion-766759147-label\" class=\"accordion-title plain active\" href=\"#accordion-item-t\u1ea1i-sao-l\u1ef1a-ch\u1ecdn-ch\u00fang-t\u00f4i\" aria-expanded=\"true\" aria-controls=\"accordion-766759147-content\" >\n\t\t\t<button class=\"toggle\" aria-label=\"Toggle\"><i class=\"icon-angle-down\"><\/i><\/button>\n\t\t\t<span>T\u1ea1i sao l\u1ef1a ch\u1ecdn ch\u00fang t\u00f4i<\/span>\n\t\t<\/a>\n\t\t<div id=\"accordion-766759147-content\" class=\"accordion-inner\" style=\"display: block;\" aria-labelledby=\"accordion-766759147-label\" >\n\t\t\t\n<p>Ch\u00fang t\u00f4i s\u1edf h\u1eefu kinh nghi\u1ec7m l\u00e2u n\u0103m trong v\u1eadn t\u1ea3i h\u00e0ng kh\u00f4ng v\u00e0 v\u1eadn t\u1ea3i &#8211; logistics, cam k\u1ebft b\u1ea3o m\u1eadt h\u00e0ng h\u00f3a, th\u1eddi gian v\u1eadn chuy\u1ec3n linh ho\u1ea1t, chi ph\u00ed c\u1ea1nh tranh, \u0111\u00e1p \u1ee9ng m\u1ecdi nhu c\u1ea7u v\u1eadn chuy\u1ec3n qu\u1ed1c t\u1ebf c\u1ee7a kh\u00e1ch h\u00e0ng.<\/p>\n\t\t<\/div>\n\t<\/div>\n\t\n\t<div id=\"accordion-2421285512\" class=\"accordion-item\">\n\t\t<a id=\"accordion-2421285512-label\" class=\"accordion-title plain\" href=\"#accordion-item-c\u01a1-s\u1edf-v\u1eadt-ch\u1ea5t-c\u1ee7a-ch\u00fang-t\u00f4i\" aria-expanded=\"false\" aria-controls=\"accordion-2421285512-content\" >\n\t\t\t<button class=\"toggle\" aria-label=\"Toggle\"><i class=\"icon-angle-down\"><\/i><\/button>\n\t\t\t<span>C\u01a1 s\u1edf v\u1eadt ch\u1ea5t c\u1ee7a ch\u00fang t\u00f4i<\/span>\n\t\t<\/a>\n\t\t<div id=\"accordion-2421285512-content\" class=\"accordion-inner\" aria-labelledby=\"accordion-2421285512-label\" >\n\t\t\t\n<p>H\u1ec7 th\u1ed1ng kho b\u00e3i th\u00f4ng minh, c\u00f4ng ngh\u1ec7 qu\u1ea3n l\u00fd hi\u1ec7n \u0111\u1ea1i v\u00e0 \u0111\u1ed9i ng\u0169 nh\u00e2n vi\u00ean t\u1eadn t\u00e2m t\u1ea1i H\u1ea3i Ph\u00f2ng cho ph\u00e9p ch\u00fang t\u00f4i ph\u1ee5c v\u1ee5 \u0111a d\u1ea1ng lo\u1ea1i h\u00ecnh v\u1eadn t\u1ea3i v\u00e0 \u0111\u1ea3m b\u1ea3o k\u1ebft n\u1ed1i th\u00f4ng su\u1ed1t to\u00e0n c\u1ea7u.<\/p>\n\t\t<\/div>\n\t<\/div>\n\t\n\t<div id=\"accordion-198474390\" class=\"accordion-item\">\n\t\t<a id=\"accordion-198474390-label\" class=\"accordion-title plain\" href=\"#accordion-item-gi\u1ea3i-ph\u00e1p-kho-b\u00e3i\" aria-expanded=\"false\" aria-controls=\"accordion-198474390-content\" >\n\t\t\t<button class=\"toggle\" aria-label=\"Toggle\"><i class=\"icon-angle-down\"><\/i><\/button>\n\t\t\t<span>Gi\u1ea3i ph\u00e1p kho b\u00e3i<\/span>\n\t\t<\/a>\n\t\t<div id=\"accordion-198474390-content\" class=\"accordion-inner\" aria-labelledby=\"accordion-198474390-label\" >\n\t\t\t\n<p>Ch\u00fang t\u00f4i ph\u00e1t tri\u1ec3n c\u00e1c gi\u1ea3i ph\u00e1p kho b\u00e3i hi\u1ec7n \u0111\u1ea1i, t\u1ed1i \u01b0u h\u00f3a qu\u00e1 tr\u00ecnh l\u01b0u tr\u1eef, ph\u00e2n ph\u1ed1i v\u00e0 v\u1eadn h\u00e0nh logistics gi\u00fap t\u00e0i ch\u00ednh v\u00e0 quy tr\u00ecnh c\u1ee7a b\u1ea1n lu\u00f4n \u1ed5n \u0111\u1ecbnh, n\u00e2ng cao hi\u1ec7u su\u1ea5t kinh doanh.<\/p>\n\t\t<\/div>\n\t<\/div>\n\t\n<\/div>\n\t\t<\/div>\n\t\t\t\t\t<\/div>\n\n\t\n\n\t<div id=\"col-584480957\" class=\"col service-sidebar medium-3 small-12 large-3\"  >\n\t\t\t\t<div class=\"col-inner\"  >\n\t\t\t\n\t\t\t\n<div class=\"row\"  id=\"row-864405114\">\n\n\n\t<div id=\"col-1586678981\" class=\"col small-12 large-12\"  >\n\t\t\t\t<div class=\"col-inner\"  >\n\t\t\t\n\t\t\t\n\n<p><nav class=\"mbws-menu-wrapper\"><ul id=\"menu-menu-footer-1\" class=\"mbws-menu\"><li class=\"menu-item menu-item-type-post_type menu-item-object-page\"><a href=\"https:\/\/knltrans.com.vn\/van-tai-hang-hoa\/\">Freight transport<\/a><\/li>\n<li class=\"menu-item menu-item-type-post_type menu-item-object-page\"><a href=\"https:\/\/knltrans.com.vn\/van-tai-duong-bien\/\">Sea transport<\/a><\/li>\n<li class=\"menu-item menu-item-type-post_type menu-item-object-page\"><a href=\"https:\/\/knltrans.com.vn\/van-tai-hang-khong\/\">Air transport<\/a><\/li>\n<li class=\"menu-item menu-item-type-post_type menu-item-object-page\"><a href=\"https:\/\/knltrans.com.vn\/van-tai-duong-sat\/\">Railway transport<\/a><\/li>\n<li class=\"menu-item menu-item-type-post_type menu-item-object-page\"><a href=\"https:\/\/knltrans.com.vn\/giao-hang-nhanh\/\">Fast delivery<\/a><\/li>\n<li class=\"menu-item menu-item-type-post_type menu-item-object-page\"><a href=\"https:\/\/knltrans.com.vn\/dong-goi-va-bao-quan\/\">Packaging and storage<\/a><\/li>\n<\/ul><\/nav><\/p>\n\n\t\t<\/div>\n\t\t\t\t\t<\/div>\n\n\t\n\n<\/div>\n<div class=\"row\"  id=\"row-1540520295\">\n\n\n\t<div id=\"col-1912499238\" class=\"col small-12 large-12\"  >\n\t\t\t\t<div class=\"col-inner\"  >\n\t\t\t\n\t\t\t\n\n<h3>Y\u00eau c\u1ea7u b\u00e1o gi\u00e1<\/h3>\n\n\n<div class=\"wpcf7 no-js\" id=\"wpcf7-f853-o1\" lang=\"vi\" dir=\"ltr\">\n<div class=\"screen-reader-response\"><p role=\"status\" aria-live=\"polite\" aria-atomic=\"true\"><\/p> <ul><\/ul><\/div>\n<form action=\"\/en\/wp-json\/wp\/v2\/pages\/1130#wpcf7-f853-o1\" method=\"post\" class=\"wpcf7-form init\" aria-label=\"Form li\u00ean h\u1ec7\" novalidate=\"novalidate\" data-status=\"init\">\n<div style=\"display: none;\">\n<input type=\"hidden\" name=\"_wpcf7\" value=\"853\" \/>\n<input type=\"hidden\" name=\"_wpcf7_version\" value=\"5.9\" \/>\n<input type=\"hidden\" name=\"_wpcf7_locale\" value=\"vi\" \/>\n<input type=\"hidden\" name=\"_wpcf7_unit_tag\" value=\"wpcf7-f853-o1\" \/>\n<input type=\"hidden\" name=\"_wpcf7_container_post\" value=\"0\" \/>\n<input type=\"hidden\" name=\"_wpcf7_posted_data_hash\" value=\"\" \/>\n<\/div>\n<div style=\"display: none\"><p><span class=\"wpcf7-form-control-wrap\" data-name=\"mbws\"><input size=\"40\" class=\"wpcf7-form-control wpcf7-text\" aria-invalid=\"false\" value=\"\" type=\"text\" name=\"mbws\"><\/span><\/p><\/div><p><label> H\u1ecd t\u00ean<\/label><br \/>\n<span class=\"wpcf7-form-control-wrap\" data-name=\"your-name\"><input size=\"40\" class=\"wpcf7-form-control wpcf7-text wpcf7-validates-as-required\" autocomplete=\"name\" aria-required=\"true\" aria-invalid=\"false\" value=\"\" type=\"text\" name=\"your-name\" \/><\/span>\n<\/p>\n<p><label> Email<\/label><br \/>\n<span class=\"wpcf7-form-control-wrap\" data-name=\"your-email\"><input size=\"40\" class=\"wpcf7-form-control wpcf7-email wpcf7-validates-as-required wpcf7-text wpcf7-validates-as-email\" autocomplete=\"email\" aria-required=\"true\" aria-invalid=\"false\" value=\"\" type=\"email\" name=\"your-email\" \/><\/span>\n<\/p>\n<p><label> N\u1ed9i dung<\/label><br \/>\n<span class=\"wpcf7-form-control-wrap\" data-name=\"your-message\"><textarea cols=\"40\" rows=\"10\" class=\"wpcf7-form-control wpcf7-textarea\" aria-invalid=\"false\" name=\"your-message\"><\/textarea><\/span>\n<\/p>\n<p><input class=\"wpcf7-form-control wpcf7-submit has-spinner\" type=\"submit\" value=\"G\u1eedi\" \/>\n<\/p><div class=\"wpcf7-response-output\" aria-hidden=\"true\"><\/div>\n<\/form>\n<\/div>\n\n\n\n\t\t<\/div>\n\t\t\t\t\t<\/div>\n\n\t\n\n<\/div>\n\t\t<\/div>\n\t\t\t\t\t<\/div>\n\n\t\n<\/div>\n\t\t<\/div>\n\n\t\t\n<style>\n#section_1159099670 {\n  padding-top: 30px;\n  padding-bottom: 30px;\n}\n#section_1159099670 .section-bg.bg-loaded {\n  background-image: url(https:\/\/knltrans.com.vn\/wp-content\/uploads\/2018\/09\/ba_1.jpg);\n}\n<\/style>\n\t<\/section>\n\t\n","protected":false},"excerpt":{"rendered":"","protected":false},"author":2,"featured_media":0,"parent":0,"menu_order":0,"comment_status":"closed","ping_status":"closed","template":"page-blank.php","meta":{"footnotes":""},"_links":{"self":[{"href":"https:\/\/knltrans.com.vn\/en\/wp-json\/wp\/v2\/pages\/1130"}],"collection":[{"href":"https:\/\/knltrans.com.vn\/en\/wp-json\/wp\/v2\/pages"}],"about":[{"href":"https:\/\/knltrans.com.vn\/en\/wp-json\/wp\/v2\/types\/page"}],"author":[{"embeddable":true,"href":"https:\/\/knltrans.com.vn\/en\/wp-json\/wp\/v2\/users\/2"}],"replies":[{"embeddable":true,"href":"https:\/\/knltrans.com.vn\/en\/wp-json\/wp\/v2\/comments?post=1130"}],"version-history":[{"count":2,"href":"https:\/\/knltrans.com.vn\/en\/wp-json\/wp\/v2\/pages\/1130\/revisions"}],"predecessor-version":[{"id":1247,"href":"https:\/\/knltrans.com.vn\/en\/wp-json\/wp\/v2\/pages\/1130\/revisions\/1247"}],"wp:attachment":[{"href":"https:\/\/knltrans.com.vn\/en\/wp-json\/wp\/v2\/media?parent=1130"}],"curies":[{"name":"wp","href":"https:\/\/api.w.org\/{rel}","templated":true}]}}