{"id":1126,"date":"2018-09-29T17:09:17","date_gmt":"2018-09-29T10:09:17","guid":{"rendered":"https:\/\/knl531.mbws.vn\/giao-hang-nhanh\/"},"modified":"2025-09-11T11:04:32","modified_gmt":"2025-09-11T04:04:32","slug":"fast-delivery","status":"publish","type":"page","link":"https:\/\/knltrans.com.vn\/en\/fast-delivery\/","title":{"rendered":"Fast delivery"},"content":{"rendered":"  <div id=\"page-header-2127579415\" class=\"page-header-wrapper\">\n  <div class=\"page-title dark featured-title\">\n\n        <div class=\"page-title-bg\">\n      <div class=\"title-bg fill bg-fill\"\n        data-parallax-container=\".page-title\"\n        data-parallax-background\n        data-parallax=\"-\">\n      <\/div>\n      <div class=\"title-overlay fill\"><\/div>\n    <\/div>\n    \n    <div class=\"page-title-inner container align-center text-center flex-row-col medium-flex-wrap\" >\n              <div class=\"title-wrapper flex-col\">\n          <h1 class=\"entry-title mb-0\">\n            Fast delivery          <\/h1>\n        <\/div>\n                    <div class=\"title-content flex-col\">\n        <div class=\"title-breadcrumbs pb-half pt-half\"><\/div>      <\/div>\n    <\/div>\n\n     \n<style>\n#page-header-2127579415 .page-title-inner {\n  min-height: 400px;\n}\n#page-header-2127579415 .title-bg {\n  background-image: url(https:\/\/knltrans.com.vn\/wp-content\/uploads\/2018\/09\/29384-slider-3.jpg);\n  background-position: 53% 0%;\n}\n<\/style>\n  <\/div>\n    <\/div>\n  \n\t<section class=\"section\" id=\"section_1424063278\">\n\t\t<div class=\"bg section-bg fill bg-fill  \" >\n\n\t\t\t\n\t\t\t\n\t\t\t\n\n\t\t<\/div>\n\n\t\t\n\n\t\t<div class=\"section-content relative\">\n\t\t\t\n<div class=\"row\"  id=\"row-619458629\">\n\n\t<div id=\"col-941406883\" class=\"col medium-9 small-12 large-9\"  >\n\t\t\t\t<div class=\"col-inner\"  >\n\t\t\t\n\t\t\t\n<div class=\"slider-wrapper relative\" id=\"slider-1705983008\" >\n    <div class=\"slider slider-nav-dots-simple slider-nav-simple slider-nav-large slider-nav-light slider-style-normal slider-show-nav\"\n        data-flickity-options='{\n            \"cellAlign\": \"center\",\n            \"imagesLoaded\": true,\n            \"lazyLoad\": 1,\n            \"freeScroll\": false,\n            \"wrapAround\": true,\n            \"autoPlay\": 6000,\n            \"pauseAutoPlayOnHover\" : true,\n            \"prevNextButtons\": true,\n            \"contain\" : true,\n            \"adaptiveHeight\" : true,\n            \"dragThreshold\" : 10,\n            \"percentPosition\": true,\n            \"pageDots\": true,\n            \"rightToLeft\": false,\n            \"draggable\": true,\n            \"selectedAttraction\": 0.1,\n            \"parallax\" : 0,\n            \"friction\": 0.6        }'\n        >\n        \n\t<div class=\"img has-hover x md-x lg-x y md-y lg-y\" id=\"image_1832856787\">\n\t\t\t\t\t\t\t\t<div class=\"img-inner dark\" >\n\t\t\t<img width=\"820\" height=\"500\" src=\"https:\/\/knltrans.com.vn\/wp-content\/uploads\/2018\/09\/service_3.jpg\" class=\"attachment-original size-original\" alt=\"\" decoding=\"async\" loading=\"lazy\" srcset=\"https:\/\/knltrans.com.vn\/wp-content\/uploads\/2018\/09\/service_3.jpg 820w, https:\/\/knltrans.com.vn\/wp-content\/uploads\/2018\/09\/service_3-300x183.jpg 300w, https:\/\/knltrans.com.vn\/wp-content\/uploads\/2018\/09\/service_3-768x468.jpg 768w\" sizes=\"(max-width: 820px) 100vw, 820px\" \/>\t\t\t\t\t\t\n\t\t\t\t\t<\/div>\n\t\t\t\t\t\t\t\t\n<style>\n#image_1832856787 {\n  width: 100%;\n}\n<\/style>\n\t<\/div>\n\t\n\t<div class=\"img has-hover x md-x lg-x y md-y lg-y\" id=\"image_1400289577\">\n\t\t\t\t\t\t\t\t<div class=\"img-inner dark\" >\n\t\t\t<img width=\"820\" height=\"500\" src=\"https:\/\/knltrans.com.vn\/wp-content\/uploads\/2018\/09\/tin2.jpg\" class=\"attachment-original size-original\" alt=\"\" decoding=\"async\" loading=\"lazy\" srcset=\"https:\/\/knltrans.com.vn\/wp-content\/uploads\/2018\/09\/tin2.jpg 820w, https:\/\/knltrans.com.vn\/wp-content\/uploads\/2018\/09\/tin2-300x183.jpg 300w, https:\/\/knltrans.com.vn\/wp-content\/uploads\/2018\/09\/tin2-768x468.jpg 768w\" sizes=\"(max-width: 820px) 100vw, 820px\" \/>\t\t\t\t\t\t\n\t\t\t\t\t<\/div>\n\t\t\t\t\t\t\t\t\n<style>\n#image_1400289577 {\n  width: 100%;\n}\n<\/style>\n\t<\/div>\n\t\n\t<div class=\"img has-hover x md-x lg-x y md-y lg-y\" id=\"image_753873170\">\n\t\t\t\t\t\t\t\t<div class=\"img-inner dark\" >\n\t\t\t<img width=\"820\" height=\"500\" src=\"https:\/\/knltrans.com.vn\/wp-content\/uploads\/2018\/09\/tin1.jpg\" class=\"attachment-original size-original\" alt=\"\" decoding=\"async\" loading=\"lazy\" srcset=\"https:\/\/knltrans.com.vn\/wp-content\/uploads\/2018\/09\/tin1.jpg 820w, https:\/\/knltrans.com.vn\/wp-content\/uploads\/2018\/09\/tin1-300x183.jpg 300w, https:\/\/knltrans.com.vn\/wp-content\/uploads\/2018\/09\/tin1-768x468.jpg 768w\" sizes=\"(max-width: 820px) 100vw, 820px\" \/>\t\t\t\t\t\t\n\t\t\t\t\t<\/div>\n\t\t\t\t\t\t\t\t\n<style>\n#image_753873170 {\n  width: 100%;\n}\n<\/style>\n\t<\/div>\n\t\n     <\/div>\n\n     <div class=\"loading-spin dark large centered\"><\/div>\n\n\t<\/div>\n\n\n\t<div id=\"gap-525283105\" class=\"gap-element clearfix\" style=\"display:block; height:auto;\">\n\t\t\n<style>\n#gap-525283105 {\n  padding-top: 30px;\n}\n<\/style>\n\t<\/div>\n\t\n<p>C\u00f4ng Ty C\u00f4\u0309 Ph\u00e2\u0300n V\u00e2\u0323n Ta\u0309i Va\u0300 \u0110a\u0323i Ly\u0301 KNL cung c\u1ea5p d\u1ecbch v\u1ee5 giao h\u00e0ng nhanh, k\u1ebft n\u1ed1i v\u1eadn chuy\u1ec3n h\u00e0ng h\u00f3a an to\u00e0n, hi\u1ec7u qu\u1ea3 tr\u00ean to\u00e0n qu\u1ed1c. Ch\u00fang t\u00f4i cam k\u1ebft t\u1ed1i \u01b0u th\u1eddi gian giao nh\u1eadn, \u0111\u1ea3m b\u1ea3o minh b\u1ea1ch v\u00e0 chuy\u00ean nghi\u1ec7p trong m\u1ecdi quy tr\u00ecnh ph\u1ee5c v\u1ee5 kh\u00e1ch h\u00e0ng.<\/p>\n<div class=\"accordion\">\n\t<div id=\"accordion-4018455520\" class=\"accordion-item\">\n\t\t<a id=\"accordion-4018455520-label\" class=\"accordion-title plain active\" href=\"#accordion-item-t\u1ea1i-sao-l\u1ef1a-ch\u1ecdn-ch\u00fang-t\u00f4i\" aria-expanded=\"true\" aria-controls=\"accordion-4018455520-content\" >\n\t\t\t<button class=\"toggle\" aria-label=\"Toggle\"><i class=\"icon-angle-down\"><\/i><\/button>\n\t\t\t<span>T\u1ea1i sao l\u1ef1a ch\u1ecdn ch\u00fang t\u00f4i<\/span>\n\t\t<\/a>\n\t\t<div id=\"accordion-4018455520-content\" class=\"accordion-inner\" style=\"display: block;\" aria-labelledby=\"accordion-4018455520-label\" >\n\t\t\t\n<p>L\u00e0 \u0111\u01a1n v\u1ecb v\u1eadn t\u1ea3i &#8211; logistics h\u00e0ng \u0111\u1ea7u t\u1ea1i H\u1ea3i Ph\u00f2ng, ch\u00fang t\u00f4i s\u1edf h\u1eefu n\u0103ng l\u1ef1c giao h\u00e0ng nhanh, linh ho\u1ea1t v\u1edbi m\u1ee9c ph\u00ed c\u1ea1nh tranh, h\u1ec7 th\u1ed1ng ch\u0103m s\u00f3c kh\u00e1ch h\u00e0ng 24\/7 v\u00e0 gi\u1ea3i ph\u00e1p t\u1ed1i \u01b0u cho m\u1ecdi nhu c\u1ea7u v\u1eadn chuy\u1ec3n.<\/p>\n\t\t<\/div>\n\t<\/div>\n\t\n\t<div id=\"accordion-407103123\" class=\"accordion-item\">\n\t\t<a id=\"accordion-407103123-label\" class=\"accordion-title plain\" href=\"#accordion-item-c\u01a1-s\u1edf-v\u1eadt-ch\u1ea5t-c\u1ee7a-ch\u00fang-t\u00f4i\" aria-expanded=\"false\" aria-controls=\"accordion-407103123-content\" >\n\t\t\t<button class=\"toggle\" aria-label=\"Toggle\"><i class=\"icon-angle-down\"><\/i><\/button>\n\t\t\t<span>C\u01a1 s\u1edf v\u1eadt ch\u1ea5t c\u1ee7a ch\u00fang t\u00f4i<\/span>\n\t\t<\/a>\n\t\t<div id=\"accordion-407103123-content\" class=\"accordion-inner\" aria-labelledby=\"accordion-407103123-label\" >\n\t\t\t\n<p>Ch\u00fang t\u00f4i \u0111\u1ea7u t\u01b0 kho b\u00e3i hi\u1ec7n \u0111\u1ea1i, \u0111\u1ed9i xe \u0111a d\u1ea1ng t\u1ea3i tr\u1ecdng v\u00e0 h\u1ec7 th\u1ed1ng qu\u1ea3n l\u00fd logistics th\u00f4ng minh, h\u1ed7 tr\u1ee3 ki\u1ec3m so\u00e1t l\u1ed9 tr\u00ecnh v\u00e0 ch\u1ea5t l\u01b0\u1ee3ng giao h\u00e0ng nhanh ch\u00f3ng, an to\u00e0n t\u1ea1i t\u1ea5t c\u1ea3 tuy\u1ebfn trong v\u00e0 ngo\u00e0i th\u00e0nh ph\u1ed1.<\/p>\n\t\t<\/div>\n\t<\/div>\n\t\n\t<div id=\"accordion-2147059597\" class=\"accordion-item\">\n\t\t<a id=\"accordion-2147059597-label\" class=\"accordion-title plain\" href=\"#accordion-item-gi\u1ea3i-ph\u00e1p-kho-b\u00e3i\" aria-expanded=\"false\" aria-controls=\"accordion-2147059597-content\" >\n\t\t\t<button class=\"toggle\" aria-label=\"Toggle\"><i class=\"icon-angle-down\"><\/i><\/button>\n\t\t\t<span>Gi\u1ea3i ph\u00e1p kho b\u00e3i<\/span>\n\t\t<\/a>\n\t\t<div id=\"accordion-2147059597-content\" class=\"accordion-inner\" aria-labelledby=\"accordion-2147059597-label\" >\n\t\t\t\n<p>KNL cung c\u1ea5p d\u1ecbch v\u1ee5 l\u01b0u tr\u1eef h\u00e0ng h\u00f3a chuy\u00ean nghi\u1ec7p, qu\u1ea3n l\u00fd xu\u1ea5t nh\u1eadp t\u1ed3n t\u1ef1 \u0111\u1ed9ng, nh\u1edd \u0111\u00f3 ti\u1ebft ki\u1ec7m t\u1ed1i \u0111a chi ph\u00ed v\u00e0 th\u1eddi gian cho kh\u00e1ch h\u00e0ng, \u0111\u00e1p \u1ee9ng linh ho\u1ea1t m\u1ecdi nhu c\u1ea7u logistics hi\u1ec7n \u0111\u1ea1i.<\/p>\n\t\t<\/div>\n\t<\/div>\n\t\n<\/div>\n\t\t<\/div>\n\t\t\t\t\t<\/div>\n\n\t\n\n\t<div id=\"col-473553283\" class=\"col service-sidebar medium-3 small-12 large-3\"  >\n\t\t\t\t<div class=\"col-inner\"  >\n\t\t\t\n\t\t\t\n<div class=\"row\"  id=\"row-244705241\">\n\n\n\t<div id=\"col-851901195\" class=\"col small-12 large-12\"  >\n\t\t\t\t<div class=\"col-inner\"  >\n\t\t\t\n\t\t\t\n\n<p><nav class=\"mbws-menu-wrapper\"><ul id=\"menu-menu-footer-1\" class=\"mbws-menu\"><li class=\"menu-item menu-item-type-post_type menu-item-object-page\"><a href=\"https:\/\/knltrans.com.vn\/van-tai-hang-hoa\/\">Freight transport<\/a><\/li>\n<li class=\"menu-item menu-item-type-post_type menu-item-object-page\"><a href=\"https:\/\/knltrans.com.vn\/van-tai-duong-bien\/\">Sea transport<\/a><\/li>\n<li class=\"menu-item menu-item-type-post_type menu-item-object-page\"><a href=\"https:\/\/knltrans.com.vn\/van-tai-hang-khong\/\">Air transport<\/a><\/li>\n<li class=\"menu-item menu-item-type-post_type menu-item-object-page\"><a href=\"https:\/\/knltrans.com.vn\/van-tai-duong-sat\/\">Railway transport<\/a><\/li>\n<li class=\"menu-item menu-item-type-post_type menu-item-object-page\"><a href=\"https:\/\/knltrans.com.vn\/giao-hang-nhanh\/\">Fast delivery<\/a><\/li>\n<li class=\"menu-item menu-item-type-post_type menu-item-object-page\"><a href=\"https:\/\/knltrans.com.vn\/dong-goi-va-bao-quan\/\">Packaging and storage<\/a><\/li>\n<\/ul><\/nav><\/p>\n\n\t\t<\/div>\n\t\t\t\t\t<\/div>\n\n\t\n\n<\/div>\n<div class=\"row\"  id=\"row-1254355402\">\n\n\n\t<div id=\"col-949024967\" class=\"col small-12 large-12\"  >\n\t\t\t\t<div class=\"col-inner\"  >\n\t\t\t\n\t\t\t\n\n<h3>Y\u00eau c\u1ea7u b\u00e1o gi\u00e1<\/h3>\n\n\n<div class=\"wpcf7 no-js\" id=\"wpcf7-f853-o1\" lang=\"vi\" dir=\"ltr\">\n<div class=\"screen-reader-response\"><p role=\"status\" aria-live=\"polite\" aria-atomic=\"true\"><\/p> <ul><\/ul><\/div>\n<form action=\"\/en\/wp-json\/wp\/v2\/pages\/1126#wpcf7-f853-o1\" method=\"post\" class=\"wpcf7-form init\" aria-label=\"Form li\u00ean h\u1ec7\" novalidate=\"novalidate\" data-status=\"init\">\n<div style=\"display: none;\">\n<input type=\"hidden\" name=\"_wpcf7\" value=\"853\" \/>\n<input type=\"hidden\" name=\"_wpcf7_version\" value=\"5.9\" \/>\n<input type=\"hidden\" name=\"_wpcf7_locale\" value=\"vi\" \/>\n<input type=\"hidden\" name=\"_wpcf7_unit_tag\" value=\"wpcf7-f853-o1\" \/>\n<input type=\"hidden\" name=\"_wpcf7_container_post\" value=\"0\" \/>\n<input type=\"hidden\" name=\"_wpcf7_posted_data_hash\" value=\"\" \/>\n<\/div>\n<div style=\"display: none\"><p><span class=\"wpcf7-form-control-wrap\" data-name=\"mbws\"><input size=\"40\" class=\"wpcf7-form-control wpcf7-text\" aria-invalid=\"false\" value=\"\" type=\"text\" name=\"mbws\"><\/span><\/p><\/div><p><label> H\u1ecd t\u00ean<\/label><br \/>\n<span class=\"wpcf7-form-control-wrap\" data-name=\"your-name\"><input size=\"40\" class=\"wpcf7-form-control wpcf7-text wpcf7-validates-as-required\" autocomplete=\"name\" aria-required=\"true\" aria-invalid=\"false\" value=\"\" type=\"text\" name=\"your-name\" \/><\/span>\n<\/p>\n<p><label> Email<\/label><br \/>\n<span class=\"wpcf7-form-control-wrap\" data-name=\"your-email\"><input size=\"40\" class=\"wpcf7-form-control wpcf7-email wpcf7-validates-as-required wpcf7-text wpcf7-validates-as-email\" autocomplete=\"email\" aria-required=\"true\" aria-invalid=\"false\" value=\"\" type=\"email\" name=\"your-email\" \/><\/span>\n<\/p>\n<p><label> N\u1ed9i dung<\/label><br \/>\n<span class=\"wpcf7-form-control-wrap\" data-name=\"your-message\"><textarea cols=\"40\" rows=\"10\" class=\"wpcf7-form-control wpcf7-textarea\" aria-invalid=\"false\" name=\"your-message\"><\/textarea><\/span>\n<\/p>\n<p><input class=\"wpcf7-form-control wpcf7-submit has-spinner\" type=\"submit\" value=\"G\u1eedi\" \/>\n<\/p><div class=\"wpcf7-response-output\" aria-hidden=\"true\"><\/div>\n<\/form>\n<\/div>\n\n\n\n\t\t<\/div>\n\t\t\t\t\t<\/div>\n\n\t\n\n<\/div>\n\t\t<\/div>\n\t\t\t\t\t<\/div>\n\n\t\n<\/div>\n\t\t<\/div>\n\n\t\t\n<style>\n#section_1424063278 {\n  padding-top: 30px;\n  padding-bottom: 30px;\n}\n#section_1424063278 .section-bg.bg-loaded {\n  background-image: url(https:\/\/knltrans.com.vn\/wp-content\/uploads\/2018\/09\/ba_1.jpg);\n}\n<\/style>\n\t<\/section>\n\t\n","protected":false},"excerpt":{"rendered":"","protected":false},"author":2,"featured_media":0,"parent":0,"menu_order":0,"comment_status":"closed","ping_status":"closed","template":"page-blank.php","meta":{"footnotes":""},"_links":{"self":[{"href":"https:\/\/knltrans.com.vn\/en\/wp-json\/wp\/v2\/pages\/1126"}],"collection":[{"href":"https:\/\/knltrans.com.vn\/en\/wp-json\/wp\/v2\/pages"}],"about":[{"href":"https:\/\/knltrans.com.vn\/en\/wp-json\/wp\/v2\/types\/page"}],"author":[{"embeddable":true,"href":"https:\/\/knltrans.com.vn\/en\/wp-json\/wp\/v2\/users\/2"}],"replies":[{"embeddable":true,"href":"https:\/\/knltrans.com.vn\/en\/wp-json\/wp\/v2\/comments?post=1126"}],"version-history":[{"count":3,"href":"https:\/\/knltrans.com.vn\/en\/wp-json\/wp\/v2\/pages\/1126\/revisions"}],"predecessor-version":[{"id":1251,"href":"https:\/\/knltrans.com.vn\/en\/wp-json\/wp\/v2\/pages\/1126\/revisions\/1251"}],"wp:attachment":[{"href":"https:\/\/knltrans.com.vn\/en\/wp-json\/wp\/v2\/media?parent=1126"}],"curies":[{"name":"wp","href":"https:\/\/api.w.org\/{rel}","templated":true}]}}